{"id":313,"date":"2022-09-12T16:23:29","date_gmt":"2022-09-12T16:23:29","guid":{"rendered":"https:\/\/rpparts.pt\/pt\/produto\/faca-destrocador-claas-lexion\/"},"modified":"2023-02-08T14:56:27","modified_gmt":"2023-02-08T14:56:27","slug":"faca-destrocador-claas-lexion","status":"publish","type":"product","link":"https:\/\/rpparts.pt\/pt\/produto\/faca-destrocador-claas-lexion\/","title":{"rendered":"Faca Destro\u00e7ador Claas Lexion"},"content":{"rendered":"<p>Para mais informa\u00e7\u00c3\u00b5es do pre\u00e7o desta pe\u00e7a consulte nos directamente.<\/p>\n","protected":false},"excerpt":{"rendered":"<p>Para mais informa\u00e7\u00c3\u00b5es do pre\u00e7o desta pe\u00e7a consulte nos directamente.<\/p>\n","protected":false},"featured_media":314,"comment_status":"closed","ping_status":"closed","template":"","meta":[],"product_brand":[],"product_cat":[298,301],"product_tag":[369],"class_list":{"0":"post-313","1":"product","2":"type-product","3":"status-publish","4":"has-post-thumbnail","6":"product_cat-ceifeiras","7":"product_cat-claas","8":"product_tag-mws","9":"pa_marca-claas","11":"first","12":"outofstock","13":"purchasable","14":"product-type-simple"},"jetpack_sharing_enabled":true,"_links":{"self":[{"href":"https:\/\/rpparts.pt\/pt\/wp-json\/wp\/v2\/product\/313","targetHints":{"allow":["GET"]}}],"collection":[{"href":"https:\/\/rpparts.pt\/pt\/wp-json\/wp\/v2\/product"}],"about":[{"href":"https:\/\/rpparts.pt\/pt\/wp-json\/wp\/v2\/types\/product"}],"replies":[{"embeddable":true,"href":"https:\/\/rpparts.pt\/pt\/wp-json\/wp\/v2\/comments?post=313"}],"wp:featuredmedia":[{"embeddable":true,"href":"https:\/\/rpparts.pt\/pt\/wp-json\/wp\/v2\/media\/314"}],"wp:attachment":[{"href":"https:\/\/rpparts.pt\/pt\/wp-json\/wp\/v2\/media?parent=313"}],"wp:term":[{"taxonomy":"product_brand","embeddable":true,"href":"https:\/\/rpparts.pt\/pt\/wp-json\/wp\/v2\/product_brand?post=313"},{"taxonomy":"product_cat","embeddable":true,"href":"https:\/\/rpparts.pt\/pt\/wp-json\/wp\/v2\/product_cat?post=313"},{"taxonomy":"product_tag","embeddable":true,"href":"https:\/\/rpparts.pt\/pt\/wp-json\/wp\/v2\/product_tag?post=313"}],"curies":[{"name":"wp","href":"https:\/\/api.w.org\/{rel}","templated":true}]}}